{"id":251,"date":"2024-09-03T13:20:08","date_gmt":"2024-09-03T13:20:08","guid":{"rendered":"https:\/\/cecilialivmarlundqvist.se\/?page_id=251"},"modified":"2026-02-23T08:10:41","modified_gmt":"2026-02-23T08:10:41","slug":"aktuellt","status":"publish","type":"page","link":"https:\/\/cecilialivmarlundqvist.se\/?page_id=251","title":{"rendered":"Aktuellt"},"content":{"rendered":"\n<p><\/p>\n\n\n\n<figure class=\"wp-block-pullquote\"><blockquote><p><strong>3 <\/strong>SAMTAL<\/p><cite>Boka 3 samtal under v\u00e5ren 2026<\/cite><\/blockquote><\/figure>\n\n\n\n<p>Under v\u00e5ren 2026 \u00e4r du v\u00e4lkommen att boka in tre terapisamtal f\u00f6r en kostnad av tv\u00e5. Skriv till mig s\u00e5 hittar vi en tid att m\u00f6tas: <a href=\"mailto:celundqvist@gmail.com\">celundqvist@gmail.com<\/a><\/p>\n\n\n\n<p><\/p>\n\n\n\n<p><\/p>\n\n\n\n<p><br><\/p>\n\n\n\n<p><\/p>\n","protected":false},"excerpt":{"rendered":"<p>3 SAMTAL Boka 3 samtal under v\u00e5ren 2026 Under v\u00e5ren 2026 \u00e4r du v\u00e4lkommen att boka in tre terapisamtal f\u00f6r en kostnad av tv\u00e5. Skriv till mig s\u00e5 hittar vi en tid att m\u00f6tas: celundqvist@gmail.com<\/p>\n","protected":false},"author":1,"featured_media":0,"parent":0,"menu_order":0,"comment_status":"closed","ping_status":"closed","template":"","meta":{"footnotes":""},"class_list":["post-251","page","type-page","status-publish","hentry"],"_links":{"self":[{"href":"https:\/\/cecilialivmarlundqvist.se\/index.php?rest_route=\/wp\/v2\/pages\/251","targetHints":{"allow":["GET"]}}],"collection":[{"href":"https:\/\/cecilialivmarlundqvist.se\/index.php?rest_route=\/wp\/v2\/pages"}],"about":[{"href":"https:\/\/cecilialivmarlundqvist.se\/index.php?rest_route=\/wp\/v2\/types\/page"}],"author":[{"embeddable":true,"href":"https:\/\/cecilialivmarlundqvist.se\/index.php?rest_route=\/wp\/v2\/users\/1"}],"replies":[{"embeddable":true,"href":"https:\/\/cecilialivmarlundqvist.se\/index.php?rest_route=%2Fwp%2Fv2%2Fcomments&post=251"}],"version-history":[{"count":35,"href":"https:\/\/cecilialivmarlundqvist.se\/index.php?rest_route=\/wp\/v2\/pages\/251\/revisions"}],"predecessor-version":[{"id":439,"href":"https:\/\/cecilialivmarlundqvist.se\/index.php?rest_route=\/wp\/v2\/pages\/251\/revisions\/439"}],"wp:attachment":[{"href":"https:\/\/cecilialivmarlundqvist.se\/index.php?rest_route=%2Fwp%2Fv2%2Fmedia&parent=251"}],"curies":[{"name":"wp","href":"https:\/\/api.w.org\/{rel}","templated":true}]}}