{"id":12,"date":"2021-04-20T09:33:48","date_gmt":"2021-04-20T09:33:48","guid":{"rendered":"https:\/\/cecilialivmarlundqvist.se\/?page_id=12"},"modified":"2026-02-23T08:37:35","modified_gmt":"2026-02-23T08:37:35","slug":"cecilia-livmar-lundqvist","status":"publish","type":"page","link":"https:\/\/cecilialivmarlundqvist.se\/","title":{"rendered":"CECILIA LIVMAR LUNDQVIST"},"content":{"rendered":"<div class=\"wp-block-image\">\n<figure class=\"alignleft size-full is-resized\"><img loading=\"lazy\" decoding=\"async\" width=\"200\" height=\"195\" src=\"https:\/\/cecilialivmarlundqvist.se\/wp-content\/uploads\/2024\/10\/CME-logga-1.jpg\" alt=\"\" class=\"wp-image-320\" style=\"width:88px;height:auto\"\/><\/figure>\n<\/div>\n\n\n<p><\/p>\n\n\n\n<p class=\"has-regular-font-size\"><\/p>\n\n\n\n<h2 class=\"wp-block-heading\">Terapi i Uppsala<\/h2>\n\n\n\n<p>Gestaltterapi &#8211; Existentiell terapi<\/p>\n\n\n\n<p><strong>Samtalsterapi f\u00f6r livet<\/strong><\/p>\n\n\n\n<p>Gestaltterapin \u00e4r f\u00f6rankrad i den existentiella och humanistiska psykologin och dess tro p\u00e5 m\u00e4nniskans inneboende f\u00f6rm\u00e5ga att utvecklas och v\u00e4xa. F\u00f6r ibland \u00e4r livet inte som man \u00f6nskar, oavsett om det handlar om mindre svackor eller djupare problem. Att d\u00e5 m\u00f6tas och samtala om din unika livssituation kan leda till att du \u00f6kar din medvetenhet om dig sj\u00e4lv och dina relationer. <\/p>\n\n\n\n<p>Du kan f\u00f6rv\u00e4nta dig ett varmt och respektfullt bem\u00f6tande d\u00e4r dina unika erfarenheter och din livsber\u00e4ttelse \u00e4r utg\u00e5ngspunkten f\u00f6r m\u00f6tet.<\/p>\n\n\n\n<p><\/p>\n\n\n\n<p>Varmt v\u00e4lkommen att h\u00f6ra av dig f\u00f6r ett f\u00f6rsta f\u00f6ruts\u00e4ttningsl\u00f6st samtal.<\/p>\n\n\n\n<figure class=\"wp-block-image size-large is-resized is-style-default\"><img loading=\"lazy\" decoding=\"async\" width=\"1024\" height=\"1024\" src=\"https:\/\/cecilialivmarlundqvist.se\/wp-content\/uploads\/2024\/09\/20240909_100645-1024x1024.jpg\" alt=\"\" class=\"wp-image-292\" style=\"width:384px;height:512px\" srcset=\"https:\/\/cecilialivmarlundqvist.se\/wp-content\/uploads\/2024\/09\/20240909_100645-1024x1024.jpg 1024w, https:\/\/cecilialivmarlundqvist.se\/wp-content\/uploads\/2024\/09\/20240909_100645-300x300.jpg 300w, https:\/\/cecilialivmarlundqvist.se\/wp-content\/uploads\/2024\/09\/20240909_100645-150x150.jpg 150w, https:\/\/cecilialivmarlundqvist.se\/wp-content\/uploads\/2024\/09\/20240909_100645-768x768.jpg 768w, https:\/\/cecilialivmarlundqvist.se\/wp-content\/uploads\/2024\/09\/20240909_100645-1536x1536.jpg 1536w, https:\/\/cecilialivmarlundqvist.se\/wp-content\/uploads\/2024\/09\/20240909_100645-2048x2048.jpg 2048w, https:\/\/cecilialivmarlundqvist.se\/wp-content\/uploads\/2024\/09\/20240909_100645-800x800.jpg 800w\" sizes=\"auto, 100vw\" \/><figcaption class=\"wp-element-caption\">Terapi i Uppsala<\/figcaption><\/figure>\n\n\n\n<figure class=\"wp-block-gallery has-nested-images columns-default is-cropped wp-block-gallery-1 is-layout-flex wp-block-gallery-is-layout-flex\"><\/figure>\n","protected":false},"excerpt":{"rendered":"<p>Terapi i Uppsala Gestaltterapi &#8211; Existentiell terapi Samtalsterapi f\u00f6r livet Gestaltterapin \u00e4r f\u00f6rankrad i den existentiella och humanistiska psykologin och dess tro p\u00e5 m\u00e4nniskans inneboende f\u00f6rm\u00e5ga att utvecklas och v\u00e4xa. F\u00f6r ibland \u00e4r livet inte som man \u00f6nskar, oavsett om det handlar om mindre svackor eller djupare problem. Att d\u00e5 m\u00f6tas och samtala om din [&hellip;]<\/p>\n","protected":false},"author":1,"featured_media":0,"parent":0,"menu_order":0,"comment_status":"closed","ping_status":"closed","template":"","meta":{"footnotes":""},"class_list":["post-12","page","type-page","status-publish","hentry"],"_links":{"self":[{"href":"https:\/\/cecilialivmarlundqvist.se\/index.php?rest_route=\/wp\/v2\/pages\/12","targetHints":{"allow":["GET"]}}],"collection":[{"href":"https:\/\/cecilialivmarlundqvist.se\/index.php?rest_route=\/wp\/v2\/pages"}],"about":[{"href":"https:\/\/cecilialivmarlundqvist.se\/index.php?rest_route=\/wp\/v2\/types\/page"}],"author":[{"embeddable":true,"href":"https:\/\/cecilialivmarlundqvist.se\/index.php?rest_route=\/wp\/v2\/users\/1"}],"replies":[{"embeddable":true,"href":"https:\/\/cecilialivmarlundqvist.se\/index.php?rest_route=%2Fwp%2Fv2%2Fcomments&post=12"}],"version-history":[{"count":77,"href":"https:\/\/cecilialivmarlundqvist.se\/index.php?rest_route=\/wp\/v2\/pages\/12\/revisions"}],"predecessor-version":[{"id":446,"href":"https:\/\/cecilialivmarlundqvist.se\/index.php?rest_route=\/wp\/v2\/pages\/12\/revisions\/446"}],"wp:attachment":[{"href":"https:\/\/cecilialivmarlundqvist.se\/index.php?rest_route=%2Fwp%2Fv2%2Fmedia&parent=12"}],"curies":[{"name":"wp","href":"https:\/\/api.w.org\/{rel}","templated":true}]}}